{"id":83,"date":"2014-07-23T17:04:03","date_gmt":"2014-07-23T17:04:03","guid":{"rendered":"http:\/\/senge-sc.org.br\/unimed\/?page_id=83"},"modified":"2015-07-03T16:48:29","modified_gmt":"2015-07-03T16:48:29","slug":"estrutura","status":"publish","type":"page","link":"https:\/\/senge-sc.org.br\/unimed\/?page_id=83","title":{"rendered":"Estrutura"},"content":{"rendered":"<div align=\"center\">\n<h2><strong>Qualidade e excel\u00eancia s\u00e3o prioridades na Unimed<\/strong><\/h2>\n<p>Possuir recursos pr\u00f3prios \u00e9 essencial dentro dos servi\u00e7os prestados pela Unimed, pois a praticidade no atendimento com qualidade \u00e9 o diferencial no quesito sa\u00fade, visto que lidar com sa\u00fade significa preservar a vida.<\/p>\n<p>A Unimed em Santa Catarina investe em Recursos Pr\u00f3prios com o intuito de oferecer servi\u00e7os de qualidade e proporcionar seguran\u00e7a. Essa busca por prestar um atendimento diferenciado \u00e9 estritamente voltada para a satisfa\u00e7\u00e3o dos clientes, a fim de estabelecer um v\u00ednculo de respeito m\u00fatuo e responsabilidade.<\/p>\n<\/div>\n<div class=\"faixa_conteudo\">\n<div id=\"hospital\" class=\"box_recursos\">\n<h2><strong>Confira os recursos dispon\u00edveis nas Unimeds do Estado de Santa Catarina<\/strong><\/h2>\n<h3>Hospital Unimed<\/h3>\n<p><a href=\"http:\/\/senge-sc.org.br\/unimed\/wp-content\/uploads\/2014\/07\/estruturaunimed1.jpg\"><img loading=\"lazy\" decoding=\"async\" class=\"alignleft size-full wp-image-255\" src=\"http:\/\/senge-sc.org.br\/unimed\/wp-content\/uploads\/2014\/07\/estruturaunimed1.jpg\" alt=\"estruturaunimed\" width=\"540\" height=\"500\" srcset=\"https:\/\/senge-sc.org.br\/unimed\/wp-content\/uploads\/2014\/07\/estruturaunimed1.jpg 540w, https:\/\/senge-sc.org.br\/unimed\/wp-content\/uploads\/2014\/07\/estruturaunimed1-320x296.jpg 320w, https:\/\/senge-sc.org.br\/unimed\/wp-content\/uploads\/2014\/07\/estruturaunimed1-239x221.jpg 239w\" sizes=\"(max-width: 540px) 100vw, 540px\" \/><\/a>Atualmente no Estado de Santa Catarina, h\u00e1 dispon\u00edvel 7 Hospitais Unimed, sendo nas cidades de: Blumenau (2), Chapec\u00f3, Crici\u00fama, Joinville, Timb\u00f3 e Litoral.<\/p>\n<p>Os hospitais da Unimed atuam com tecnologia de ponta, acessibilidade, instrumentos altamente eficazes e de \u00faltima gera\u00e7\u00e3o, profissionais capacitados e especializados, estrutura capaz de atender de forma competente e proporcionar seguran\u00e7a e comodidade aos pacientes.<\/p>\n<p><strong>HOSPITAL UNIMED DE S\u00c3O JOS\u00c9<br \/>\n<\/strong>Rua Manoel Loureiro, 1909 &#8211; Barreiros, S\u00e3o Jos\u00e9 &#8211; SC &#8211; (48) 3288-4100<\/p>\n<p><strong>HOSPITAL UNIMED DE BLUMENAU<br \/>\n<\/strong>Rua das Miss\u00f5es, 455 &#8211; Ponta Aguda, Blumenau &#8211; SC &#8211; 89051-000 &#8211; (47) 3331-8500<\/p>\n<p><strong>HOSPITAL UNIMED DE CHAPECO<br \/>\n<\/strong>Av Porto Alegre &#8211; D, 132, Centro &#8211; Chapec\u00f3 &#8211; SC &#8211; Brasil &#8211; 89802-130 &#8211; (49) 3361-1800<\/p>\n<p><strong>HOSPITAL UNIMED CRICIUMA<br \/>\n<\/strong>Av. Estev\u00e3o Em\u00edlio de Souza, 201 &#8211; Pr\u00f3spera, Crici\u00fama &#8211; SC &#8211; 88815-180 &#8211; Brasil &#8211; (48) 3431-5919<\/p>\n<div id=\"g1-divider-1\" class=\"g1-divider g1-divider--none g1-divider--noicon \"><\/div>\n<h3>Pronto Atendimento<\/h3>\n<p><img loading=\"lazy\" decoding=\"async\" class=\"right alignright\" src=\"http:\/\/senge-sc.org.br\/unimed\/wp-content\/uploads\/2014\/07\/02.jpg\" alt=\"\" width=\"161\" height=\"340\" \/>Nosso estado conta tamb\u00e9m com 8 unidades de Pronto-atendimento nas cidades de Blumenau, Chapec\u00f3, Crici\u00fama, Florian\u00f3polis (3), Joinville, Litoral e 1 em Jaragu\u00e1 do Sul.<\/p>\n<p>O pronto-atendimento tem como diferencial atender casos de urg\u00eancia e emerg\u00eancia, 24 horas por dia, com m\u00e9dicos especialistas, preocupados com o atendimento humanizado, al\u00e9m de toda uma estrutura e equipamentos de \u00faltima gera\u00e7\u00e3o.<\/p>\n<p>A presta\u00e7\u00e3o de servi\u00e7o em car\u00e1ter de urg\u00eancia \u00e9 quando h\u00e1 uma ocorr\u00eancia imprevista de agravo \u00e0 sa\u00fade com ou sem risco potencial de vida, cujo portador necessita de assist\u00eancia m\u00e9dica imediata. J\u00e1 a emerg\u00eancia \u00e9 quando constata-se por meio de avalia\u00e7\u00e3o m\u00e9dica, condi\u00e7\u00f5es de agravo \u00e0 sa\u00fade que impliquem em risco iminente de vida ou sofrimento intenso, exigindo, portanto, tratamento m\u00e9dico imediato.<br \/>\n<div id=\"g1-divider-2\" class=\"g1-divider g1-divider--none g1-divider--icon \"><span><i class=\"icon-user-md\"><\/i><\/span><\/div>\n<\/div>\n<div align=\"center\">\n<h2><strong>Laborat\u00f3rio e Posto de Coleta<\/strong><\/h2>\n<\/div>\n<p><img loading=\"lazy\" decoding=\"async\" class=\"left alignleft\" src=\"http:\/\/senge-sc.org.br\/unimed\/wp-content\/uploads\/2014\/07\/03.png\" alt=\"\" width=\"389\" height=\"265\" \/><\/p>\n<h3>Laborat\u00f3rios<\/h3>\n<p>Os laborat\u00f3rios Unimed est\u00e3o presentes nas cidades: Blumenau, Brusque (2), Ca\u00e7ador, Chapec\u00f3, Conc\u00f3rdia, Crici\u00fama, Florian\u00f3polis, Jaragu\u00e1 do Sul, Joa\u00e7aba, Joinville e Litoral.<\/p>\n<p>O aperfei\u00e7oamento t\u00e9cnico e diagn\u00f3stico preciso, uma infraestrutura de acordo com a legisla\u00e7\u00e3o vigente, um controle rigoroso de qualidade nas amostras colhidas e laudos que condizem com o real estado fisiol\u00f3gico do paciente s\u00e3o prioridades nos laborat\u00f3rios.<\/p>\n<p>Com o intuito de proporcionar praticidade aos pacientes e m\u00e9dicos, os laborat\u00f3rios disponibilizam os resultados via internet, por meio de uma identifica\u00e7\u00e3o e senha ou em terminais (TOTEN) no pr\u00f3prio laborat\u00f3rio.<\/p>\n<h3>Postos de Coleta<\/h3>\n<p>H\u00e1 tamb\u00e9m diversos postos de coleta, localizados em pontos estrat\u00e9gicos para facilitar o acesso aos clientes, onde o paciente realiza a coleta do exame, que \u00e9 encaminhada para o laborat\u00f3rio da Singular para an\u00e1lise.<\/p>\n<p>Os postos de coleta podem ser encontrados nas cidades de Blumenau, Brusque, Chapec\u00f3, Crici\u00fama (7), Florian\u00f3polis (6), Jaragu\u00e1 do Sul, Joinville (3), Litoral (6).<\/p>\n<p>Em Florian\u00f3polis, a Unidade Trindade trabalha com a tecnologia inovadora BC ROB\u00d4, que \u00e9 o primeiro no estado, constituindo-se de um equipamento destinado \u00e0 separa\u00e7\u00e3o e identifica\u00e7\u00e3o automatizada dos tubos dos pacientes, trazendo ainda mais seguran\u00e7a em todo o processo de coleta.<\/p>\n<div id=\"g1-divider-3\" class=\"g1-divider g1-divider--none g1-divider--icon \"><span><i class=\"icon-user-md\"><\/i><\/span><\/div>\n<div align=\"center\">\n<h2><strong>Atendimento Pr\u00e9-hospitalar &#8211; SOS Unimed<\/strong><\/h2>\n<\/div>\n<p><img loading=\"lazy\" decoding=\"async\" class=\"right alignright\" src=\"http:\/\/senge-sc.org.br\/unimed\/wp-content\/uploads\/2014\/07\/amb_01.jpg\" alt=\"\" width=\"368\" height=\"276\" \/>O <strong>SOS Unimed<\/strong> \u00e9 um servi\u00e7o de atendimento pr\u00e9-hospitalar para situa\u00e7\u00f5es de urg\u00eancia e emerg\u00eancia. A presta\u00e7\u00e3o do servi\u00e7o come\u00e7a com atendimento telef\u00f4nico, onde \u00e9 realizada uma triagem pelo m\u00e9dico regulador para avaliar a situa\u00e7\u00e3o do paciente e a necessidade de envio da unidade m\u00f3vel.<\/p>\n<p>Ao ser enviado uma ambul\u00e2ncia, realiza-se o atendimento in loco do paciente, e se necess\u00e1rio faz-se a condu\u00e7\u00e3o do indiv\u00edduo ao hospital para tratamento especializado.<\/p>\n<p>A unidade m\u00f3vel simples disponibiliza de equipamentos e medicamentos essenciais para atendimento de urg\u00eancia ou emerg\u00eancia e \u00e9 composta por uma equipe de enfermeiro e motorista, enquanto a unidade m\u00f3vel UTI, que tamb\u00e9m disp\u00f5e de instrumentos para suporte de vida, conta com um m\u00e9dico, enfermeiro e motorista, especializados em atendimentos de alto risco.<br \/>\n<div id=\"g1-divider-4\" class=\"g1-divider g1-divider--none g1-divider--icon \"><span><i class=\"icon-user-md\"><\/i><\/span><\/div>\n<div align=\"center\">\n<h2><strong>Centro de diagn\u00f3stico<\/strong><\/h2>\n<\/div>\n<p>O diagn\u00f3stico \u00e9 um dos itens primordiais na busca pela sa\u00fade do cliente, por isso os centros de diagn\u00f3sticos disp\u00f5em de alta tecnologia nos equipamentos, profissionais especialistas, colaboradores treinados e capacitados para realiza\u00e7\u00e3o dos procedimentos necess\u00e1rios para cada exame solicitado. O atendimento \u00e9 diferenciado e busca cumprir os preparos espec\u00edficos com o objetivo de proporcionar precis\u00e3o nos resultados e satisfa\u00e7\u00e3o aos pacientes.<\/p>\n<p><img loading=\"lazy\" decoding=\"async\" class=\"left alignleft\" src=\"http:\/\/senge-sc.org.br\/unimed\/wp-content\/uploads\/2014\/07\/05.png\" alt=\"\" width=\"320\" height=\"235\" \/><\/p>\n<h2>Centro de Atendimento \u2013 M\u00e9dico e Multiprofissional<\/h2>\n<p>O atendimento m\u00e9dico \u00e9 de extrema import\u00e2ncia, pois viabiliza o contato direto do m\u00e9dico com o paciente e proporciona uma intera\u00e7\u00e3o a fim de que se chegue a um diagn\u00f3stico.<\/p>\n<p>\u00c9 relevante focalizar na humaniza\u00e7\u00e3o do servi\u00e7o prestado, porque o atendimento m\u00e9dico engloba a busca por al\u00edvio, preserva\u00e7\u00e3o da vida, restitui\u00e7\u00e3o da sa\u00fade e melhoria do conforto pessoal, al\u00e9m de trazer esperan\u00e7a. Os procedimentos junto com a pr\u00e1tica da humaniza\u00e7\u00e3o proporcionam resultados ben\u00e9ficos no processo de tratamento do paciente.<\/p>\n<p>Para atender aos requisitos do rol de eventos em sa\u00fade da ANS, que incluiu em 2008, atrav\u00e9s da Resolu\u00e7\u00e3o Normativa n\u00ba 167, os procedimentos de psicologia, nutri\u00e7\u00e3o, fonoaudiologia e terapia ocupacional nos servi\u00e7os prestados, foram disponibilizados por meio de centros de atendimento multiprofissional ou multidisciplinar, localizados nas cidades de Blumenau, Brusque, Chapec\u00f3, Conc\u00f3rdia, Florian\u00f3polis, Litoral (2) e Videira, com o objetivo principal de complementar o tratamento indicado pelo m\u00e9dico assistente. Esse trabalho \u00e9 prestado ao cliente por meio de agendamento com profissionais especializados nas \u00e1reas acima citadas.<br \/>\n<div id=\"g1-divider-5\" class=\"g1-divider g1-divider--none g1-divider--icon \"><span><i class=\"icon-user-md\"><\/i><\/span><\/div>\n<div align=\"center\">\n<h2><strong>Servi\u00e7os de Quimioterapia<\/strong><\/h2>\n<\/div>\n<p><img loading=\"lazy\" decoding=\"async\" class=\"right alignright\" src=\"http:\/\/senge-sc.org.br\/unimed\/wp-content\/uploads\/2014\/07\/06.png\" alt=\"\" width=\"381\" height=\"254\" \/>No Estado de Santa Catarina h\u00e1 5 Centros de servi\u00e7os de Quimioterapia, sendo nas cidades de Brusque, Chapec\u00f3, Crici\u00fama, Extremo Oeste e Litoral.<\/p>\n<p>Este servi\u00e7o \u00e9 respons\u00e1vel pela manipula\u00e7\u00e3o e administra\u00e7\u00e3o de medicamentos quimioter\u00e1picos de a\u00e7\u00e3o antineopl\u00e1sica (contra o c\u00e2ncer) e, atende pacientes em sistema ambulatorial e internados.H\u00e1 uma equipe multidisciplinar formada por m\u00e9dicos, enfermeiras, farmac\u00eauticos, nutricionistas e psic\u00f3logos que garantem uma assist\u00eancia de qualidade, visando o bem-estar, \u00e0 autoestima e aten\u00e7\u00e3o aos pacientes em tratamento quimioter\u00e1pico.<\/p>\n<p>O foco \u00e9 prestar uma assist\u00eancia humanizada aos pacientes, por interm\u00e9dio de um atendimento diferenciado com profissionais capacitados e reconhecidos.<br \/>\n<div id=\"g1-divider-6\" class=\"g1-divider g1-divider--none g1-divider--icon \"><span><i class=\"icon-user-md\"><\/i><\/span><\/div>\n<div align=\"center\">\n<h2><strong>Atendimento e Interna\u00e7\u00e3o Domiciliar<\/strong><\/h2>\n<\/div>\n<p><img loading=\"lazy\" decoding=\"async\" class=\"left alignleft\" src=\"http:\/\/senge-sc.org.br\/unimed\/wp-content\/uploads\/2014\/07\/07.png\" alt=\"\" width=\"354\" height=\"236\" \/>O atendimento domiciliar destina-se a pacientes que necessitam de tratamento de sa\u00fade especializado como: administra\u00e7\u00e3o de medicamentos injet\u00e1veis, oxigenioterapia, fisioterapia por tempo determinado, entre outros. Esse servi\u00e7o possui tr\u00eas formas de aten\u00e7\u00e3o: interna\u00e7\u00e3o, assist\u00eancia e monitoramento domiciliar, possui tamb\u00e9m uma equipe multidisciplinar que proporciona cuidados terap\u00eauticos, preventivos, paliativos e de reabilita\u00e7\u00e3o para adultos e crian\u00e7as em parceria com o m\u00e9dico do paciente.<\/p>\n<p>O atendimento domiciliar est\u00e1 dispon\u00edvel nas Unimeds Blumenau, Chapec\u00f3, Florian\u00f3polis, Joinville, Litoral e Tubar\u00e3o. Enquanto o servi\u00e7o de interna\u00e7\u00e3o \u00e9 prestado apenas pelas Unimeds Grande Florian\u00f3polis e Litoral.<\/p>\n<\/div>\n","protected":false},"excerpt":{"rendered":"<p>Qualidade e excel\u00eancia s\u00e3o prioridades na Unimed Possuir recursos pr\u00f3prios \u00e9 essencial dentro dos servi\u00e7os prestados pela Unimed, pois a praticidade no atendimento com qualidade \u00e9 o diferencial no quesito sa\u00fade, visto que lidar com sa\u00fade significa preservar a vida. A Unimed em Santa Catarina investe em Recursos Pr\u00f3prios com o intuito de oferecer servi\u00e7os [&hellip;]<\/p>\n","protected":false},"author":1,"featured_media":0,"parent":0,"menu_order":0,"comment_status":"open","ping_status":"open","template":"","meta":{"footnotes":""},"_links":{"self":[{"href":"https:\/\/senge-sc.org.br\/unimed\/index.php?rest_route=\/wp\/v2\/pages\/83"}],"collection":[{"href":"https:\/\/senge-sc.org.br\/unimed\/index.php?rest_route=\/wp\/v2\/pages"}],"about":[{"href":"https:\/\/senge-sc.org.br\/unimed\/index.php?rest_route=\/wp\/v2\/types\/page"}],"author":[{"embeddable":true,"href":"https:\/\/senge-sc.org.br\/unimed\/index.php?rest_route=\/wp\/v2\/users\/1"}],"replies":[{"embeddable":true,"href":"https:\/\/senge-sc.org.br\/unimed\/index.php?rest_route=%2Fwp%2Fv2%2Fcomments&post=83"}],"version-history":[{"count":25,"href":"https:\/\/senge-sc.org.br\/unimed\/index.php?rest_route=\/wp\/v2\/pages\/83\/revisions"}],"predecessor-version":[{"id":257,"href":"https:\/\/senge-sc.org.br\/unimed\/index.php?rest_route=\/wp\/v2\/pages\/83\/revisions\/257"}],"wp:attachment":[{"href":"https:\/\/senge-sc.org.br\/unimed\/index.php?rest_route=%2Fwp%2Fv2%2Fmedia&parent=83"}],"curies":[{"name":"wp","href":"https:\/\/api.w.org\/{rel}","templated":true}]}}