{"id":12,"date":"2014-07-18T21:49:07","date_gmt":"2014-07-18T21:49:07","guid":{"rendered":"http:\/\/senge-sc.org.br\/unimed\/?page_id=12"},"modified":"2018-10-01T17:10:23","modified_gmt":"2018-10-01T17:10:23","slug":"o-plano","status":"publish","type":"page","link":"https:\/\/senge-sc.org.br\/unimed\/?page_id=12","title":{"rendered":"Senge\/Unimed"},"content":{"rendered":"<p><img loading=\"lazy\" decoding=\"async\" class=\"alignleft size-full wp-image-130\" src=\"http:\/\/senge-sc.org.br\/unimed\/wp-content\/uploads\/2014\/07\/familia-unimed.png\" alt=\"familia-unimed\" width=\"400\" height=\"225\" srcset=\"https:\/\/senge-sc.org.br\/unimed\/wp-content\/uploads\/2014\/07\/familia-unimed.png 400w, https:\/\/senge-sc.org.br\/unimed\/wp-content\/uploads\/2014\/07\/familia-unimed-320x180.png 320w, https:\/\/senge-sc.org.br\/unimed\/wp-content\/uploads\/2014\/07\/familia-unimed-239x134.png 239w\" sizes=\"(max-width: 400px) 100vw, 400px\" \/>O SENGE-SC, preocupado com a qualidade de vida dos profissionais da engenharia e de seus familiares, vem aprimorando cada vez mais seus benef\u00edcios, garantindo conforto, economia, seguran\u00e7a, e qualidade para o engenheiro, tendo como principal compromisso garantir op\u00e7\u00f5es integradas e completas para sua sa\u00fade e de seus dependentes.<\/p>\n<p>Nossos Planos s\u00e3o totalmente regulamentados, o que garante coberturas e condi\u00e7\u00f5es previstas pela Legisla\u00e7\u00e3o que regula os Planos de sa\u00fade no pa\u00eds a Ag\u00eancia Nacional de Sa\u00fade Suplementar &#8211; ANS o que assegura total qualidade e seguran\u00e7a nos servi\u00e7os prestados.<\/p>\n<p>Atrav\u00e9s da administra\u00e7\u00e3o pr\u00f3pria \u00e9 poss\u00edvel estabelecer maior estreitamento na rela\u00e7\u00e3o, proporcionando solu\u00e7\u00f5es r\u00e1pidas e eficientes, oferecendo um atendimento exclusivo e de qualidade aos profissionais.<br \/>\n<div id=\"g1-box-counter-1\" class=\"g1-box g1-box--solid  g1-box--icon\" ><i class=\"icon-check g1-box__icon\"><\/i><div class=\"g1-box__inner\">\n<h2 align=\"center\">Diferenciais do Plano SENGE-SC\/UNIMED<\/h2>\n\n<ol id=\"g1-list-1\" class=\"g1-list--icon g1-list--simple \">\n<li><i class=\"icon-arrow-right g1-list__icon\"><\/i><strong>Administra\u00e7\u00e3o Pr\u00f3pria:<\/strong> O usu\u00e1rio do Plano \u00e9 atendido por funcion\u00e1rios do pr\u00f3prio sindicato, treinados exclusivamente para oferecer um atendimento personalizado e de qualidade aos profissionais da engenharia.<\/li>\n<li><i class=\"icon-arrow-right g1-list__icon\"><\/i>S\u00e3o considerados benefici\u00e1rios <strong>titulares<\/strong> deste plano de sa\u00fade, os profissionais com visto\/registro no CREA-SC que estejam com registro ativo.<\/li>\n<li><i class=\"icon-arrow-right g1-list__icon\"><\/i>S\u00e3o considerados <strong>dependentes<\/strong>: c\u00f4njuge, companheiro (a), filhos solteiros at\u00e9 24 anos incompletos (sejam filhos adotivos, sob guarda\/tutela ou enteados) e filhos incapazes.<\/li>\n<li><i class=\"icon-arrow-right g1-list__icon\"><\/i><strong>Fidelidade:<\/strong> Na ades\u00e3o dos nossos planos os usu\u00e1rios n\u00e3o s\u00e3o submetidos a fideliza\u00e7\u00e3o.<\/li>\n<li><i class=\"icon-arrow-right g1-list__icon\"><\/i><strong>Campanhas:<\/strong> Com uma parceria s\u00f3lida e de qualidade o SENGE-SC juntamente com a UNIMED oferecem diversas promo\u00e7\u00f5es para nossos usu\u00e1rios, como car\u00eancia zero no m\u00eas de anivers\u00e1rio dos nossos planos, entre outras.<\/li>\n<\/ol>\n\n<\/div><\/div>\n","protected":false},"excerpt":{"rendered":"<p>O SENGE-SC, preocupado com a qualidade de vida dos profissionais da engenharia e de seus familiares, vem aprimorando cada vez mais seus benef\u00edcios, garantindo conforto, economia, seguran\u00e7a, e qualidade para o engenheiro, tendo como principal compromisso garantir op\u00e7\u00f5es integradas e completas para sua sa\u00fade e de seus dependentes. Nossos Planos s\u00e3o totalmente regulamentados, o que [&hellip;]<\/p>\n","protected":false},"author":1,"featured_media":0,"parent":0,"menu_order":0,"comment_status":"open","ping_status":"open","template":"g1_template_page_full.php","meta":{"footnotes":""},"_links":{"self":[{"href":"https:\/\/senge-sc.org.br\/unimed\/index.php?rest_route=\/wp\/v2\/pages\/12"}],"collection":[{"href":"https:\/\/senge-sc.org.br\/unimed\/index.php?rest_route=\/wp\/v2\/pages"}],"about":[{"href":"https:\/\/senge-sc.org.br\/unimed\/index.php?rest_route=\/wp\/v2\/types\/page"}],"author":[{"embeddable":true,"href":"https:\/\/senge-sc.org.br\/unimed\/index.php?rest_route=\/wp\/v2\/users\/1"}],"replies":[{"embeddable":true,"href":"https:\/\/senge-sc.org.br\/unimed\/index.php?rest_route=%2Fwp%2Fv2%2Fcomments&post=12"}],"version-history":[{"count":14,"href":"https:\/\/senge-sc.org.br\/unimed\/index.php?rest_route=\/wp\/v2\/pages\/12\/revisions"}],"predecessor-version":[{"id":457,"href":"https:\/\/senge-sc.org.br\/unimed\/index.php?rest_route=\/wp\/v2\/pages\/12\/revisions\/457"}],"wp:attachment":[{"href":"https:\/\/senge-sc.org.br\/unimed\/index.php?rest_route=%2Fwp%2Fv2%2Fmedia&parent=12"}],"curies":[{"name":"wp","href":"https:\/\/api.w.org\/{rel}","templated":true}]}}